{"id":53,"date":"2020-03-30T13:47:24","date_gmt":"2020-03-30T13:47:24","guid":{"rendered":"http:\/\/haendelgoe1920.de\/?page_id=53"},"modified":"2020-04-03T14:37:02","modified_gmt":"2020-04-03T12:37:02","slug":"impressum-und-datenschutz","status":"publish","type":"page","link":"https:\/\/haendelgoe1920.de\/?page_id=53","title":{"rendered":"Impressum und Datenschutz"},"content":{"rendered":"\n<h2 class=\"wp-block-heading\">Impressum<\/h2>\n\n\n\n<p>Stadt G\u00f6ttingen<br>K\u00f6rperschaft des \u00d6ffentlichen Rechts<br>vertr. d.d. Oberb\u00fcrgermeister Rolf-Georg K\u00f6hler<br>Hausanschrift: Neues Rathaus, Hiroshimaplatz 1-4, 37083 G\u00f6ttingen<br>Telefon: 0551\/ 400-0<\/p>\n\n\n\n<p><strong>Umsetzung<\/strong><br>weTellmedia Film- und Medienagentur<br><a href=\"http:\/\/www.wetellmedia.de\">http:\/\/www.wetellmedia.de<\/a><br><\/p>\n\n\n\n<p><\/p>\n\n\n\n<p><strong>Gesamtverantwortung<\/strong><br>Stadt G\u00f6ttingen, Referat f\u00fcr \u00d6ffentlichkeitsarbeit<br>Dominik Kimyon<br>Hiroshimaplatz 1-4, 37083 G\u00f6ttingen<br>Telefon: 0551\/ 400-2320<br>Telefax: 0551\/ 400-2098<\/p>\n\n\n\n<p>Umsatzsteueridentifikationsnummer gem. \u00a7 27 a Umsatzsteuergesetz: DE115 303 707<\/p>\n\n\n\n<p><strong>Inhaltliche Verantwortung gem. \u00a7 55 Abs. 2 Rundfunkstaatsvertrag (RStV) sowie \u00a7 5 Telemediengesetz (TMG)<\/strong><br>Oliver Schr\u00f6er<br>Stadtarchiv G\u00f6ttingen<br>Hiroshimaplatz 4<br>37083 G\u00f6ttingen<br>Tel. 0551\/400-2069<br>Email: stadtarchiv@goettingen.de<\/p>\n\n\n\n<p><strong>Au\u00dfergerichtliche Onlinestreitbeilegung<\/strong><br>Die Europ\u00e4ische Kommission stellt unter&nbsp;<a href=\"https:\/\/ec.europa.eu\/consumer\/odr\/\" target=\"_blank\" rel=\"noreferrer noopener\">https:\/\/ec.europa.eu\/consumer\/odr\/<\/a>&nbsp;eine Plattform zur au\u00dfergerichtlichen Onlinestreitbeilegung bereit.<br>Informationen gem. \u00a7 36 Verbraucherstreitbeilegungsgesetz: Die Stadt G\u00f6ttingen ist zur Teilnahme an einem Streitbeilegungsverfahren vor einer Verbraucherschlichtungsstelle weder bereit noch verpflichtet.<\/p>\n\n\n\n<h2 class=\"wp-block-heading\">Datenschutzerkl\u00e4rung<\/h2>\n\n\n\n<p>Bei dem Besuch der Internetpr\u00e4senzen der Stadt G\u00f6ttingen werden ggf. personenbezogene Daten erhoben, verarbeitet und genutzt. Dies erfolgt im Rahmen der gesetzlichen Bestimmungen, insbesondere der Datenschutzgrundverordnung (DSGVO), des Telemediengesetzes (TMG), des Bundesdatenschutzgesetzes (BDSG), des Landesdatenschutzgesetzes des Landes Niedersachen (NDSG) sowie des Rundfunkstaatsvertrages (RStV). In der folgenden Datenschutzerkl\u00e4rung wird dar\u00fcber informiert, in welcher Art, in welchem Umfang, zu welchem Zweck und auf welcher Rechtsgrundlage die Erhebung, Verarbeitung und Nutzung von personenbezogenen Daten erfolgt:<\/p>\n\n\n\n<h3 class=\"wp-block-heading\">I. Name und Anschrift des Verantwortlichen<\/h3>\n\n\n\n<p>Der Verantwortliche im Sinne der Datenschutzgrundverordnung und der weiteren o.g. Gesetze ist:<\/p>\n\n\n\n<p>Die Stadt G\u00f6ttingen, vertr. d.d. Oberb\u00fcrgermeister Rolf Georg K\u00f6hler, Hiroshimaplatz 1-4, 37083 G\u00f6ttingen, Telefon: 0551\/400-0, E-Mail: stadt@goettingen.de<\/p>\n\n\n\n<p><strong>Name und Anschrift des\/der Datenschutzbeauftragten<\/strong><br>Claus Ludwikowski, Kommunale Dienste G\u00f6ttingen (KDG) kAoR, Paulinerstra\u00dfe 14, 37073 G\u00f6ttingen. Telefon: 0551\/384-4151, E-Mail: dsb@goettingen.de<\/p>\n\n\n\n<h3 class=\"wp-block-heading\">II.<\/h3>\n\n\n\n<p><strong>1. Umfang der Verarbeitung personenbezogener Daten<\/strong><br>Die Stadt G\u00f6ttingen verarbeitet personenbezogene Daten der Nutzer der Internetseiten der Stadt G\u00f6ttingen grunds\u00e4tzlich nur, soweit dies zur Bereitstellung einer funktionsf\u00e4higen Webseite sowie ihrer Inhalte und Leistungen erforderlich ist. Die Verarbeitung personenbezogener Daten erfolgt regelm\u00e4\u00dfig nur nach Einwilligung des Nutzers. Eine Ausnahme gilt in solchen F\u00e4llen, in denen die vorherige Einholung einer Einwilligung aus tats\u00e4chlichen Gr\u00fcnden nicht m\u00f6glich ist und\/oder die Verarbeitung der Daten durch gesetzliche Vorschriften gestattet ist.<\/p>\n\n\n\n<p><strong>2. Grunds\u00e4tzliches zur Rechtsgrundlage f\u00fcr die Verarbeitung personenbezogener Daten<\/strong><br>Soweit f\u00fcr Verarbeitungsvorg\u00e4nge personenbezogener Daten eine Einwilligung der betroffenen Personen eingeholt wird, dient Artikel 6 Abs. 1 lit. a DSGVO als Rechtsgrundlage.<\/p>\n\n\n\n<p>Bei der Verarbeitung personenbezogener Daten, die zur Erf\u00fcllung eines Vertrages, dessen Vertragspartei die betroffene Person ist, erforderlich ist, dient Artikel 6 Abs. 1 lit. b DSGVO als Rechtsgrundlage. Dies gilt ebenso f\u00fcr Datenverarbeitungsvorg\u00e4nge, die zur Durchf\u00fchrung vorvertraglicher Ma\u00dfnahmen erforderlich ist.<\/p>\n\n\n\n<p>Soweit die Stadt G\u00f6ttingen Daten zur Erf\u00fcllung rechtlicher Verpflichtungen erhebt und verarbeitet, dient Artikel 6 Abs. 1 lit. c DSGVO als Rechtsgrundlage.<\/p>\n\n\n\n<p>Soweit lebenswichtige Interessen der betroffenen Person oder einer anderen nat\u00fcrlichen Person eine Verarbeitung personenbezogener Daten erforderlich macht, dient Artikel 6 Abs. 1 lit. d DSGVO als Rechtsgrundlage.<\/p>\n\n\n\n<p>Wenn und soweit die Erhebung und Verarbeitung personenbezogener Daten durch die Stadt G\u00f6ttingen zur Wahrung eines berechtigten Interesses der Stadt G\u00f6ttingen oder eines Dritten erforderlich ist und die Interessen, Grundrechte und Grundfreiheiten des Betroffenen dieses Interesse nicht \u00fcberwiegen, so dient Artikel 6 Abs. 1 lit. f DSGVO als Rechtsgrundlage f\u00fcr die Verarbeitung. Dies gilt nicht, soweit die Stadt G\u00f6ttingen die Verarbeitung in Erf\u00fcllung ihrer Aufgaben vornimmt (Artikel 6 Abs. 1 letzter Satz DSGVO).<\/p>\n\n\n\n<p><strong>3. Konkrete Nutzung personenbezogener Daten<\/strong><br>a.) Newsletter<br>Die Stadt G\u00f6ttingen bietet einen Newsletter-Service an. F\u00fcr den Versand des Newsletters muss Ihr Name sowie Ihre E-Mail-Adresse gespeichert werden. Diese Daten werden von Ihnen eingegeben. Nach Eingabe und Absendung der Daten durch Sie erhalten Sie eine E-Mail mit einem Best\u00e4tigungslink. Nach Anklicken dieses Links erhalten Sie zuk\u00fcnftig den Newsletter der Stadt G\u00f6ttingen. Eine Weitergabe der Daten an Dritte erfolgt nicht. Ihre Daten werden von der Stadt G\u00f6ttingen nur zum Zwecke des Newsletterversandes verarbeitet.<\/p>\n\n\n\n<p>Die Abmeldung des Newsletters kann jederzeit durch Verwendung des im Newsletter vorhandenen Links erfolgen. Ihre Daten werden dann dauerhaft gel\u00f6scht.<\/p>\n\n\n\n<p>Rechtsgrundlage der Datenverarbeitung ist Artikel 6 Abs. 1 lit. b DSGVO bzw. mit Anklicken des Best\u00e4tigungslinks Ihre Einwilligung und damit Artikel 6 Abs. 1 lit. a DSGVO.<\/p>\n\n\n\n<p>b.) Kontaktformular<br>Sofern Sie \u00fcber ein Kontaktformular mit uns in Kontakt treten, werden die von Ihnen dort angegebenen Daten zum Zwecke der Verarbeitung Ihrer Anfrage gespeichert, sofern sie f\u00fcr die Bearbeitung Ihrer Anfrage notwendig sind. Ihre Daten werden gel\u00f6scht, sobald Ihre Anfrage vollst\u00e4ndig bearbeitet und\/oder beantwortet wurde.<\/p>\n\n\n\n<p>Rechtsgrundlage f\u00fcr diese Datenverarbeitung ist Artikel 6 Abs. 1 lit. b DSGVO.<\/p>\n\n\n\n<p>c.) Portalregistrierung<br>Auf einzelnen Seiten der Stadt G\u00f6ttingen gibt es die M\u00f6glichkeit, sich auf verschiedenen Portalen zu registrieren, um Dienstleistungen der Stadt G\u00f6ttingen in Anspruch zu nehmen oder Informationen zu erlangen. Die f\u00fcr die Registrierung in den Portalen notwendigen personenbezogenen Daten k\u00f6nnen von Ihnen \u00fcber die jeweiligen Eingabeformulare eingegeben werden. Zur Verifizierung erhalten Sie eine E-Mail an die von Ihnen angegebene E-Mail-Adresse. Nach Best\u00e4tigung der Verifizierungsemail k\u00f6nnen Sie sich mit dem von Ihnen selbst gew\u00e4hlten Benutzername sowie dem Passwort einloggen. Die L\u00f6schung der von Ihnen hinterlegten personenbezogenen Daten sowie Ihrer Registrierung kann \u00fcber das Portal selbst erfolgen.<\/p>\n\n\n\n<p>Ihre Daten werden von uns nur noch zum Zwecke der Administration der Eintr\u00e4ge und ggf. zur Eingabe der mit der Registrierung zusammenh\u00e4ngenden Kontaktaufnahme verwendet.<\/p>\n\n\n\n<p>Rechtsgrundlage f\u00fcr diese Datenverarbeitung ist Artikel 6 Abs. 1 lit. b DSGVO, bzw. mit Abschluss Ihrer Registrierung die Einwilligung und damit Artikel 6 Abs. 1 lit. a DSGVO.<\/p>\n\n\n\n<p><strong>4. Cookies<\/strong><br>In einigen Bereichen der Internetangebote der Stadt G\u00f6ttingen werden sog. Cookies eingesetzt. Hierdurch wird Ihr Computer, mit dem Sie die Webseite besuchen, erkannt. Die Cookies sollen dazu dienen, insbesondere bei Wiederholungsbesuchen auf unserer Internetseiten ein schnelleres Laden der Seite zu erm\u00f6glichen und damit die Nutzung der Internetseiten zu erleichtern.<\/p>\n\n\n\n<p>Sollten Sie eine Nutzung der Cookies nicht w\u00fcnschen, haben Sie die M\u00f6glichkeit, Ihren Internetbrowser dahingehend einzustellen, dass Sie \u00fcber das Auftreten von Cookies informiert werden und Sie in diesem Fall die Cookies individuell zulassen oder ausschlie\u00dfen k\u00f6nnen. Dar\u00fcber hinaus haben Sie die M\u00f6glichkeit, bereits vorhandene Cookies zu l\u00f6schen. Grunds\u00e4tzlich besteht auch die M\u00f6glichkeit, Cookies generell zu deaktivieren. Dies kann ebenfalls durch Ihren Internetbrowser erfolgen. Cookies erlauben keinen Zugriff auf private Daten, welche auf Ihrem Computer gespeichert sind.<\/p>\n\n\n\n<p>Der Einsatz von Cookies st\u00fctzt sich auf Artikel 6 Abs. 1 lit. f DSGVO. Die Verarbeitung erfolgt zur Verbesserung der Funktionsweise des Portals. Sie ist daher zur Wahrung der berechtigten Interessen erforderlich.<\/p>\n\n\n\n<p><strong>5. Analysedienst<\/strong><br>Die Internetseiten der Stadt G\u00f6ttingen nutzen den Analysedienst Piwik PRO. Dieser Analysedienst analysiert die Besucherzugriffe auf den Internetseiten der Stadt G\u00f6ttingen. Das Programm nutzt die o.g. Cookies sowie Textdateien f\u00fcr die Analyse der Webseite. Die IP-Adresse jedes Besuchers wird sofort nach der Verarbeitung und vor deren Speicherung anonymisiert. Dies erfolgt durch Maskierung der beiden letzten Bytes der IP-Adresse. Auf diese Weise ist eine Zuordnung der gek\u00fcrzten IP-Adresse nicht mehr m\u00f6glich.<\/p>\n\n\n\n<p>Werden Einzelseiten der Webseite der Stadt G\u00f6ttingen aufgerufen, so werden folgende Daten gespeichert:<\/p>\n\n\n\n<p>1.) Zwei Bytes der IP-Adresse des aufrufenden Systems des Nutzers.<br>2.) Die aufgerufene Webseite.<br>3.) Die Webseite, von der der Nutzer auf die aufgerufene Webseite gelangt ist (referrer).<br>4.) Die Unterseiten, die von der aufgerufenen Webseite aus aufgerufen werden.<br>5.) Die Verweildauer auf der Webseite.<br>6.) Die H\u00e4ufigkeit des Aufrufes der Webseite.<\/p>\n\n\n\n<p>Die Software l\u00e4uft dabei ausschlie\u00dflich auf den Servern der Stadt G\u00f6ttingen. Eine Speicherung der personenbezogenen Daten der Nutzer findet nur dort statt. Eine Weitergabe der Daten an Dritte erfolgt nicht. Die Nutzung dieses Analysedienstes erm\u00f6glicht der Stadt G\u00f6ttingen eine Analyse des Surfverhaltens der Nutzer. Die Stadt G\u00f6ttingen ist durch die Auswertung der gewonnen Daten in der Lage, Informationen \u00fcber die Nutzung der einzelnen Komponenten der Webseite der Stadt G\u00f6ttingen zusammenzustellen. Dies hilft dabei, die Webseite und deren Nutzerfreundlichkeit stetig zu verbessern. In diesem Zweck liegt auch das berechtigte Interesse in der Verarbeitung der Daten nach Artikel 6 Abs. 1 lit. f DSGVO. Durch die Anonymisierung der IP-Adresse wird dem Interesse der Nutzer an dem Schutz seiner personenbezogenen Daten hinreichend Rechnung getragen.<\/p>\n\n\n\n<p>Die Daten werden gel\u00f6scht, soweit sie f\u00fcr die Aufzeichnungszwecke nicht mehr ben\u00f6tigt werden. Dies ist im vorliegenden Fall 12 Monate.<\/p>\n\n\n\n<p>Wie bereits oben dargestellt ist es m\u00f6glich, die Installation der Cookies durch entsprechende Einschr\u00e4nkungen des Browsers zu verhindern.<\/p>\n\n\n\n<p>Dar\u00fcber hinaus haben Sie die M\u00f6glichkeit, der Verwendung Ihrer Daten durch Matomo zu widersprechen. So k\u00f6nnen Sie hier entscheiden, ob in Ihrem Browser eine eindeutige Webanalysekopie abgelegt werden darf, um den Betreiber der Webseite die Erfassung Ihrer Analyse verschiedener statischer Daten zu erm\u00f6glichen.<\/p>\n\n\n\n<h1 class=\"wp-block-heading\" id=\"ppms_cm_privacy_settings_form_link_header_id\">Einstellungen zur Privatsph\u00e4re<\/h1>\n\n\n\n<p>Hier k\u00f6nnen Sie die Privatsph\u00e4re f\u00fcr diese Webseite einstellen.Einstellungen anzeigen<\/p>\n\n\n\n<h3 class=\"wp-block-heading\">III. Betroffenenrechte<\/h3>\n\n\n\n<p>Soweit Ihre personenbezogene Daten durch uns verarbeitet werden, sind Sie Betroffener im Sinne der DSGVO und es stehen Ihnen folgende Rechte gegen\u00fcber dem Verantwortlichen zu:<\/p>\n\n\n\n<p><strong>1. Auskunftsrecht<\/strong><br>Sie haben das Recht, von uns eine Best\u00e4tigung dar\u00fcber zu verlangen, ob Sie betreffende personenbezogene Daten verarbeitet werden. Dieses Auskunftsrecht bezieht sich auf jede Form der Datennutzung durch uns.<\/p>\n\n\n\n<p><strong>2. Rechte auf Berichtigung<\/strong><br>Sie haben ein Recht auf Berichtigung und\/oder Vervollst\u00e4ndigung gegen\u00fcber dem Verantwortlichen, soweit die verarbeiteten personenbezogenen Daten, die Sie betreffen, unrichtig oder unvollst\u00e4ndig sind. Der Verantwortliche hat die Berichtigung unverz\u00fcglich vorzunehmen.<\/p>\n\n\n\n<p><strong>3. Recht auf Einschr\u00e4nkung der Verarbeitung<\/strong><br>Unter den folgenden Voraussetzungen k\u00f6nnen Sie die Einschr\u00e4nkung der Verarbeitung der Sie betreffenden personenbezogenen Daten verlangen:<\/p>\n\n\n\n<p>a.) wenn Sie die Richtigkeit der Sie betreffenden personenbezogenen Daten f\u00fcr eine Dauer bestreiten, die es dem Verantwortlichen erm\u00f6glicht, die Richtigkeit der personenbezogenen Daten zu \u00fcberpr\u00fcfen;<\/p>\n\n\n\n<p>b.) die Verarbeitung unrechtm\u00e4\u00dfig ist und Sie die L\u00f6schung der personenbezogenen Daten ablehnen und stattdessen die Einschr\u00e4nkung der Nutzung der personenbezogenen Daten verlangen;<\/p>\n\n\n\n<p>c.) der Verantwortliche die personenbezogenen Daten f\u00fcr die Zwecke der Verarbeitung nicht l\u00e4nger ben\u00f6tigt, Sie diese jedoch zur Geltendmachung, Aus\u00fcbung oder Verteidigung von Rechtsanspr\u00fcchen ben\u00f6tigen, oder<\/p>\n\n\n\n<p>d.) wenn Sie Widerspruch gegen die Verarbeitung gem\u00e4\u00df Art. 21 Abs. 1 DSGVO eingelegt haben und noch nicht feststeht, ob die berechtigten Gr\u00fcnde des Verantwortlichen gegen\u00fcber Ihren Gr\u00fcnden \u00fcberwiegen.<\/p>\n\n\n\n<p>Wurde die Verarbeitung der Sie betreffenden personenbezogenen Daten eingeschr\u00e4nkt, d\u00fcrfen diese Daten \u2013 von ihrer Speicherung abgesehen \u2013 nur mit Ihrer Einwilligung oder zur Geltendmachung, Aus\u00fcbung oder Verteidigung von Rechtsanspr\u00fcchen oder zum Schutz der Rechte einer anderen nat\u00fcrlichen oder juristischen Person oder aus Gr\u00fcnden eines wichtigen \u00f6ffentlichen Interesses der Union oder eines Mitgliedstaats verarbeitet werden.<\/p>\n\n\n\n<p>Wurde die Einschr\u00e4nkung der Verarbeitung nach den o.g. Voraussetzungen eingeschr\u00e4nkt, werden Sie von dem Verantwortlichen unterrichtet, bevor die Einschr\u00e4nkung aufgehoben wird.<\/p>\n\n\n\n<p><strong>4. Recht auf L\u00f6schung<\/strong><br>a) L\u00f6schungspflicht<br>Der Verantwortliche ist dann verpflichtet, diese Daten unverz\u00fcglich zu l\u00f6schen, sofern einer der folgenden Gr\u00fcnde zutrifft:<\/p>\n\n\n\n<p>(1) Die Sie betreffenden personenbezogenen Daten sind f\u00fcr die Zwecke, f\u00fcr die sie erhoben oder auf sonstige Weise verarbeitet wurden, nicht mehr notwendig.<\/p>\n\n\n\n<p>(2) Sie widerrufen Ihre Einwilligung, auf die sich die Verarbeitung gem. Art. 6 Abs. 1 lit. a oder Art. 9 Abs. 2 lit. a DSGVO st\u00fctzte und es fehlt an einer anderweitigen Rechtsgrundlage f\u00fcr die Verarbeitung.<\/p>\n\n\n\n<p>(3) Sie legen gem. Art. 21 Abs. 1 DSGVO Widerspruch gegen die Verarbeitung ein und es liegen keine vorrangigen berechtigten Gr\u00fcnde f\u00fcr die Verarbeitung vor, oder Sie legen gem. Art. 21 Abs. 2 DSGVO Widerspruch gegen die Verarbeitung ein.<\/p>\n\n\n\n<p>(4) Die Sie betreffenden personenbezogenen Daten wurden unrechtm\u00e4\u00dfig verarbeitet.<\/p>\n\n\n\n<p>(5) Die L\u00f6schung der Sie betreffenden personenbezogenen Daten ist zur Erf\u00fcllung einer rechtlichen Verpflichtung nach dem Unionsrecht oder dem Recht der Mitgliedstaaten erforderlich, dem der Verantwortliche unterliegt.<\/p>\n\n\n\n<p>(6) Die Sie betreffenden personenbezogenen Daten wurden in Bezug auf angebotene Dienste der Informationsgesellschaft gem\u00e4\u00df Art. 8 Abs. 1 DSGVO erhoben.<\/p>\n\n\n\n<p>b) Information an Dritte<br>Hat der Verantwortliche die Sie betreffenden personenbezogenen Daten \u00f6ffentlich gemacht und ist er gem. Art. 17 Abs. 1 DSGVO zu deren L\u00f6schung verpflichtet, so trifft er unter Ber\u00fccksichtigung der verf\u00fcgbaren Technologie und der Implementierungskosten angemessene Ma\u00dfnahmen, auch technischer Art, um f\u00fcr die Datenverarbeitung Verantwortliche, die die personenbezogenen Daten verarbeiten, dar\u00fcber zu informieren, dass Sie als betroffene Person die L\u00f6schung aller Links zu diesen personenbezogenen Daten oder von Kopien oder Replikationen dieser personenbezogenen Daten verlangt haben.<\/p>\n\n\n\n<p>c) Ausnahmen<br>Das Recht auf L\u00f6schung besteht nicht, soweit die Verarbeitung erforderlich ist:<\/p>\n\n\n\n<p>(1) Zur Aus\u00fcbung des Rechts auf freie Meinungs\u00e4u\u00dferung und Information.<\/p>\n\n\n\n<p>(2) Zur Erf\u00fcllung einer rechtlichen Verpflichtung, die die Verarbeitung nach dem Recht der Union oder der Mitgliedstaaten, dem der Verantwortliche unterliegt, erfordert, oder zur Wahrnehmung einer Aufgabe, die im \u00f6ffentlichen Interesse liegt oder in Aus\u00fcbung \u00f6ffentlicher Gewalt erfolgt, die dem Verantwortlichen \u00fcbertragen wurde.<\/p>\n\n\n\n<p>(3) Aus Gr\u00fcnden des \u00f6ffentlichen Interesses im Bereich der \u00f6ffentlichen Gesundheit gem\u00e4\u00df Art. 9 Abs. 2 lit. h und i sowie Art. 9 Abs. 3 DSGVO.<\/p>\n\n\n\n<p>(4) F\u00fcr im \u00f6ffentlichen Interesse liegende Archivzwecke, wissenschaftliche oder historische Forschungszwecke oder f\u00fcr statistische Zwecke gem. Art. 89 Abs. 1 DSGVO, soweit das unter Abschnitt a) genannte Recht voraussichtlich die Verwirklichung der Ziele dieser Verarbeitung unm\u00f6glich macht oder ernsthaft beeintr\u00e4chtigt, oder<\/p>\n\n\n\n<p>(5) zur Geltendmachung, Aus\u00fcbung oder Verteidigung von Rechtsanspr\u00fcchen.<\/p>\n\n\n\n<p><strong>5. Recht auf Unterrichtung<\/strong><br>Haben Sie das Recht auf Berichtigung, L\u00f6schung oder Einschr\u00e4nkung der Verarbeitung gegen\u00fcber dem Verantwortlichen geltend gemacht, ist dieser verpflichtet, allen Empf\u00e4ngern, denen die Sie betreffenden personenbezogenen Daten offengelegt wurden, diese Berichtigung oder L\u00f6schung der Daten oder Einschr\u00e4nkung der Verarbeitung mitzuteilen, es sei denn, dies erweist sich als unm\u00f6glich oder ist mit einem unverh\u00e4ltnism\u00e4\u00dfigen Aufwand verbunden.<\/p>\n\n\n\n<p>Ihnen steht gegen\u00fcber dem Verantwortlichen das Recht zu, \u00fcber diese Empf\u00e4nger unterrichtet zu werden.<\/p>\n\n\n\n<p><strong>6. Recht auf Daten\u00fcbertragbarkeit<\/strong><br>Sie haben das Recht, die Sie betreffenden personenbezogenen Daten, die Sie dem Verantwortlichen bereitgestellt haben, in einem strukturierten, g\u00e4ngigen und maschinenlesbaren Format zu erhalten. Au\u00dferdem haben Sie das Recht, diese Daten einem anderen Verantwortlichen ohne Behinderung durch den Verantwortlichen, dem die personenbezogenen Daten bereitgestellt wurden, zu \u00fcbermitteln, sofern<\/p>\n\n\n\n<p>(1) die Verarbeitung auf einer Einwilligung gem. Art. 6 Abs. 1 lit. a DSGVO oder Art. 9 Abs. 2 lit. a DSGVO oder auf einem Vertrag gem. Art. 6 Abs. 1 lit. b DSGVO beruht und<\/p>\n\n\n\n<p>(2) die Verarbeitung mithilfe automatisierter Verfahren erfolgt.<\/p>\n\n\n\n<p>In Aus\u00fcbung dieses Rechts haben Sie ferner das Recht, zu erwirken, dass die Sie betreffenden personenbezogenen Daten direkt von einem Verantwortlichen einem anderen Verantwortlichen \u00fcbermittelt werden, soweit dies technisch machbar ist. Freiheiten und Rechte anderer Personen d\u00fcrfen hierdurch nicht beeintr\u00e4chtigt werden.<\/p>\n\n\n\n<p>Das Recht auf Daten\u00fcbertragbarkeit gilt nicht f\u00fcr eine Verarbeitung personenbezogener Daten, die f\u00fcr die Wahrnehmung einer Aufgabe erforderlich ist, die im \u00f6ffentlichen Interesse liegt oder in Aus\u00fcbung \u00f6ffentlicher Gewalt erfolgt, die dem Verantwortlichen \u00fcbertragen wurde.<\/p>\n\n\n\n<p><strong>7. Widerspruchsrecht<\/strong><br>Sie haben das Recht, aus Gr\u00fcnden, die sich aus Ihrer besonderen Situation ergeben, jederzeit gegen die Verarbeitung der Sie betreffenden personenbezogenen Daten, die aufgrund von Art. 6 Abs. 1 lit. e oder f DSGVO erfolgt, Widerspruch einzulegen; dies gilt auch f\u00fcr ein auf diese Bestimmungen gest\u00fctztes Profiling.<\/p>\n\n\n\n<p>Der Verantwortliche verarbeitet die Sie betreffenden personenbezogenen Daten nicht mehr, es sei denn, er kann zwingende schutzw\u00fcrdige Gr\u00fcnde f\u00fcr die Verarbeitung nachweisen, die Ihre Interessen, Rechte und Freiheiten \u00fcberwiegen, oder die Verarbeitung dient der Geltendmachung, Aus\u00fcbung oder Verteidigung von Rechtsanspr\u00fcchen.<\/p>\n\n\n\n<p>Sie haben die M\u00f6glichkeit, im Zusammenhang mit der Nutzung von Diensten der Informationsgesellschaft \u2013 ungeachtet der Richtlinie 2002\/58\/EG \u2013 Ihr Widerspruchsrecht mittels automatisierter Verfahren auszu\u00fcben, bei denen technische Spezifikationen verwendet werden.<\/p>\n\n\n\n<p><strong>8. Recht auf Widerruf der datenschutzrechtlichen Einwilligungserkl\u00e4rung<\/strong><br>Sie haben das Recht, Ihre datenschutzrechtliche Einwilligungserkl\u00e4rung jederzeit zu widerrufen. Durch den Widerruf der Einwilligung wird die Rechtm\u00e4\u00dfigkeit der aufgrund der Einwilligung bis zum Widerruf erfolgten Verarbeitung nicht ber\u00fchrt.<\/p>\n\n\n\n<p><strong>9. Automatisierte Entscheidung im Einzelfall einschlie\u00dflich Profiling<\/strong><br>Sie haben das Recht, nicht einer ausschlie\u00dflich auf einer automatisierten Verarbeitung \u2013 einschlie\u00dflich Profiling \u2013 beruhenden Entscheidung unterworfen zu werden, die Ihnen gegen\u00fcber rechtliche Wirkung entfaltet oder Sie in \u00e4hnlicher Weise erheblich beeintr\u00e4chtigt. Dies gilt nicht, wenn die Entscheidung<\/p>\n\n\n\n<p>(1) f\u00fcr den Abschluss oder die Erf\u00fcllung eines Vertrags zwischen Ihnen und dem Verantwortlichen erforderlich ist,<\/p>\n\n\n\n<p>(2) aufgrund von Rechtsvorschriften der Union oder der Mitgliedstaaten, denen der Verantwortliche unterliegt, zul\u00e4ssig ist und diese Rechtsvorschriften angemessene Ma\u00dfnahmen zur Wahrung Ihrer Rechte und Freiheiten sowie Ihrer berechtigten Interessen enthalten oder<\/p>\n\n\n\n<p>(3) mit Ihrer ausdr\u00fccklichen Einwilligung erfolgt.<\/p>\n\n\n\n<p>Allerdings d\u00fcrfen diese Entscheidungen nicht auf besonderen Kategorien personenbezogener Daten nach Art. 9 Abs. 1 DSGVO beruhen, sofern nicht Art. 9 Abs. 2 lit. a oder g DSGVO gilt und angemessene Ma\u00dfnahmen zum Schutz der Rechte und Freiheiten sowie Ihrer berechtigten Interessen getroffen wurden.<\/p>\n\n\n\n<p>Hinsichtlich der in (1) und (3) genannten F\u00e4lle trifft der Verantwortliche angemessene Ma\u00dfnahmen, um die Rechte und Freiheiten sowie Ihre berechtigten Interessen zu wahren, wozu mindestens das Recht auf Erwirkung des Eingreifens einer Person seitens des Verantwortlichen auf Darlegung des eigenen Standpunkts und auf Anfechtung der Entscheidung geh\u00f6rt.<\/p>\n\n\n\n<p>10. Recht auf Beschwerde bei einer Aufsichtsbeh\u00f6rde<br>Unbeschadet eines anderweitigen verwaltungsrechtlichen oder gerichtlichen Rechtsbehelfs steht Ihnen das Recht auf Beschwerde bei einer Aufsichtsbeh\u00f6rde, insbesondere in dem Mitgliedstaat Ihres Aufenthaltsorts, Ihres Arbeitsplatzes oder des Orts des mutma\u00dflichen Versto\u00dfes, zu, wenn Sie der Ansicht sind, dass die Verarbeitung der Sie betreffenden personenbezogenen Daten gegen die DSGVO verst\u00f6\u00dft.<\/p>\n\n\n\n<p>Die Aufsichtsbeh\u00f6rde, bei der die Beschwerde eingereicht wurde, unterrichtet den Beschwerdef\u00fchrer \u00fcber den Stand und die Ergebnisse der Beschwerde einschlie\u00dflich der M\u00f6glichkeit eines gerichtlichen Rechtsbehelfs nach Art. 78 DSGVO.<\/p>\n","protected":false},"excerpt":{"rendered":"<p>Impressum Stadt G\u00f6ttingenK\u00f6rperschaft des \u00d6ffentlichen Rechtsvertr. d.d. Oberb\u00fcrgermeister Rolf-Georg K\u00f6hlerHausanschrift: Neues Rathaus, Hiroshimaplatz 1-4, 37083 G\u00f6ttingenTelefon: 0551\/ 400-0 UmsetzungweTellmedia Film- und Medienagenturhttp:\/\/www.wetellmedia.de GesamtverantwortungStadt G\u00f6ttingen, Referat f\u00fcr \u00d6ffentlichkeitsarbeitDominik KimyonHiroshimaplatz 1-4, 37083 G\u00f6ttingenTelefon: 0551\/ 400-2320Telefax: 0551\/ 400-2098 Umsatzsteueridentifikationsnummer gem. \u00a7 27 a Umsatzsteuergesetz: DE115 303 707 Inhaltliche Verantwortung gem. \u00a7 55 Abs. 2 Rundfunkstaatsvertrag (RStV) sowie \u00a7 [&hellip;]<\/p>\n","protected":false},"author":1,"featured_media":57,"parent":0,"menu_order":0,"comment_status":"closed","ping_status":"closed","template":"page.php","meta":{"footnotes":""},"cmb2":{"uhe_rest_metabox":{"uhe_rest_text":""}},"_links":{"self":[{"href":"https:\/\/haendelgoe1920.de\/index.php?rest_route=\/wp\/v2\/pages\/53"}],"collection":[{"href":"https:\/\/haendelgoe1920.de\/index.php?rest_route=\/wp\/v2\/pages"}],"about":[{"href":"https:\/\/haendelgoe1920.de\/index.php?rest_route=\/wp\/v2\/types\/page"}],"author":[{"embeddable":true,"href":"https:\/\/haendelgoe1920.de\/index.php?rest_route=\/wp\/v2\/users\/1"}],"replies":[{"embeddable":true,"href":"https:\/\/haendelgoe1920.de\/index.php?rest_route=%2Fwp%2Fv2%2Fcomments&post=53"}],"version-history":[{"count":2,"href":"https:\/\/haendelgoe1920.de\/index.php?rest_route=\/wp\/v2\/pages\/53\/revisions"}],"predecessor-version":[{"id":56,"href":"https:\/\/haendelgoe1920.de\/index.php?rest_route=\/wp\/v2\/pages\/53\/revisions\/56"}],"wp:featuredmedia":[{"embeddable":true,"href":"https:\/\/haendelgoe1920.de\/index.php?rest_route=\/wp\/v2\/media\/57"}],"wp:attachment":[{"href":"https:\/\/haendelgoe1920.de\/index.php?rest_route=%2Fwp%2Fv2%2Fmedia&parent=53"}],"curies":[{"name":"wp","href":"https:\/\/api.w.org\/{rel}","templated":true}]}}